{"id":1446,"date":"2021-01-23T22:32:39","date_gmt":"2021-01-23T21:32:39","guid":{"rendered":"https:\/\/www.ff-leopoldshofstatt.at\/?page_id=1446"},"modified":"2026-03-23T09:38:26","modified_gmt":"2026-03-23T08:38:26","slug":"kontakt","status":"publish","type":"page","link":"https:\/\/www.ff-leopoldshofstatt.at\/?page_id=1446","title":{"rendered":"Kommando"},"content":{"rendered":"<div class=\"wpb-content-wrapper\"><p>[vc_row][vc_column][vc_column_text]<\/p>\n<h1>Kommando<\/h1>\n<p>[\/vc_column_text][vc_single_image image=&#8220;1837&#8243; img_size=&#8220;full&#8220; alignment=&#8220;center&#8220; onclick=&#8220;img_link_large&#8220;][vc_column_text css=&#8220;&#8220;]1. Reihe v.l.n.r.: Kevin Murauer, Stefan Kroi\u00df, Rudolf Eberl jun., Michael Rauscher<\/p>\n<p>2. Reihe v.l.n.r.: Peter Eberl, Christoph Kroi\u00df, Michael Kroi\u00df, Simon Sommereder<\/p>\n<p>Nicht am Bild: Christian Serva, David Dallinger, Matthias Kroi\u00df, Felix Deixler[\/vc_column_text][\/vc_column][\/vc_row][vc_row][vc_column][vc_column_text css=&#8220;&#8220;]<\/p>\n<h3>Kommandant<\/h3>\n<p>Rudolf Eberl<\/p>\n<p><span class=\"color-primary\">Telefon<\/span><br \/>\n+43 (0) 699 \/ 10 53 21 90<\/p>\n<p><span class=\"color-primary\">Email<\/span><br \/>\n08214@ri.ooelfv.at<\/p>\n<h3>Kommandant Stellvertreter<\/h3>\n<p>Stefan Kroiss<\/p>\n<h3>Schriftf\u00fchrer<\/h3>\n<p>Kevin Murauer<\/p>\n<h3>Kassier<\/h3>\n<p>Michael Rauscher<\/p>\n<h3>Ger\u00e4tewart<\/h3>\n<p>Simon Sommereder<\/p>\n<p>&nbsp;<\/p>\n<h2>Erweitertes Kommando<\/h2>\n<h3>Atemschutzwart<\/h3>\n<p>David Dallinger<\/p>\n<h3>Atemschutzwart Stv.<\/h3>\n<p>Peter Eberl<\/p>\n<h3>Lotsen- und Nachrichtenkommandant<\/h3>\n<p>Christoph Kroi\u00df<\/p>\n<h3>Jugendbeauftragter<\/h3>\n<p>Christian Serva<\/p>\n<h3>Ger\u00e4tewart-Helfer<\/h3>\n<p>Michael Kroiss<\/p>\n<h3>IT-Beauftragter<\/h3>\n<p>Matthias Kroiss<\/p>\n<h3>Leistungsbewerbe<\/h3>\n<p>Felix Deixler[\/vc_column_text][\/vc_column][\/vc_row]<\/p>\n<\/div>","protected":false},"excerpt":{"rendered":"<p>[vc_row][vc_column][vc_column_text] Kommando [\/vc_column_text][vc_single_image image=&#8220;1837&#8243; img_size=&#8220;full&#8220; alignment=&#8220;center&#8220; onclick=&#8220;img_link_large&#8220;][vc_column_text css=&#8220;&#8220;]1. Reihe v.l.n.r.: Kevin Murauer, Stefan Kroi\u00df, Rudolf Eberl jun., Michael Rauscher 2. Reihe v.l.n.r.: Peter Eberl, Christoph Kroi\u00df, Michael Kroi\u00df, Simon Sommereder Nicht am Bild: Christian Serva, David Dallinger, Matthias Kroi\u00df, Felix Deixler[\/vc_column_text][\/vc_column][\/vc_row][vc_row][vc_column][vc_column_text css=&#8220;&#8220;] Kommandant Rudolf Eberl Telefon +43 (0) 699 \/ 10 53 21 90 Email&hellip;<\/p>\n","protected":false},"author":2,"featured_media":0,"parent":0,"menu_order":0,"comment_status":"closed","ping_status":"closed","template":"","meta":{"pgc_sgb_lightbox_settings":"","footnotes":""},"class_list":["post-1446","page","type-page","status-publish","hentry","description-off"],"_links":{"self":[{"href":"https:\/\/www.ff-leopoldshofstatt.at\/index.php?rest_route=\/wp\/v2\/pages\/1446","targetHints":{"allow":["GET"]}}],"collection":[{"href":"https:\/\/www.ff-leopoldshofstatt.at\/index.php?rest_route=\/wp\/v2\/pages"}],"about":[{"href":"https:\/\/www.ff-leopoldshofstatt.at\/index.php?rest_route=\/wp\/v2\/types\/page"}],"author":[{"embeddable":true,"href":"https:\/\/www.ff-leopoldshofstatt.at\/index.php?rest_route=\/wp\/v2\/users\/2"}],"replies":[{"embeddable":true,"href":"https:\/\/www.ff-leopoldshofstatt.at\/index.php?rest_route=%2Fwp%2Fv2%2Fcomments&post=1446"}],"version-history":[{"count":13,"href":"https:\/\/www.ff-leopoldshofstatt.at\/index.php?rest_route=\/wp\/v2\/pages\/1446\/revisions"}],"predecessor-version":[{"id":3324,"href":"https:\/\/www.ff-leopoldshofstatt.at\/index.php?rest_route=\/wp\/v2\/pages\/1446\/revisions\/3324"}],"wp:attachment":[{"href":"https:\/\/www.ff-leopoldshofstatt.at\/index.php?rest_route=%2Fwp%2Fv2%2Fmedia&parent=1446"}],"curies":[{"name":"wp","href":"https:\/\/api.w.org\/{rel}","templated":true}]}}