{"id":1442,"date":"2021-01-23T22:31:53","date_gmt":"2021-01-23T21:31:53","guid":{"rendered":"https:\/\/www.ff-leopoldshofstatt.at\/?page_id=1442"},"modified":"2021-10-06T20:41:15","modified_gmt":"2021-10-06T18:41:15","slug":"ausruestung","status":"publish","type":"page","link":"https:\/\/www.ff-leopoldshofstatt.at\/?page_id=1442","title":{"rendered":"Ausr\u00fcstung"},"content":{"rendered":"<div class=\"wpb-content-wrapper\"><p>[vc_row content_placement=&#8220;middle&#8220;][vc_column width=&#8220;1\/3&#8243;][vc_btn title=&#8220;Fahrzeug&#8220; style=&#8220;classic&#8220; color=&#8220;inverse&#8220; size=&#8220;lg&#8220; align=&#8220;center&#8220; i_icon_fontawesome=&#8220;fas fa-truck&#8220; add_icon=&#8220;true&#8220; link=&#8220;url:https%3A%2F%2Fwww.ff-leopoldshofstatt.at%2F%3Fpage_id%3D1442%23fahrzeug&#8220;][\/vc_column][vc_column width=&#8220;1\/3&#8243;][vc_btn title=&#8220;Ger\u00e4te&#8220; style=&#8220;classic&#8220; color=&#8220;inverse&#8220; size=&#8220;lg&#8220; align=&#8220;center&#8220; i_icon_fontawesome=&#8220;fas fa-fire-extinguisher&#8220; add_icon=&#8220;true&#8220; link=&#8220;url:https%3A%2F%2Fwww.ff-leopoldshofstatt.at%2F%3Fpage_id%3D1442%23geraete&#8220;][\/vc_column][vc_column width=&#8220;1\/3&#8243;][vc_btn title=&#8220;Einsatzkleidung&#8220; style=&#8220;classic&#8220; color=&#8220;inverse&#8220; size=&#8220;lg&#8220; align=&#8220;center&#8220; i_icon_fontawesome=&#8220;fas fa-tshirt&#8220; add_icon=&#8220;true&#8220; link=&#8220;url:https%3A%2F%2Fwww.ff-leopoldshofstatt.at%2F%3Fpage_id%3D1442%23einsatzkleidung&#8220;][\/vc_column][\/vc_row][vc_row][vc_column][vc_separator border_width=&#8220;2&#8243;][\/vc_column][\/vc_row][vc_row el_class=&#8220;fahrzeug&#8220; el_id=&#8220;fahrzeug&#8220;][vc_column][vc_column_text]<\/p>\n<h2 style=\"text-align: center;\">Fahrzeug<\/h2>\n<p>[\/vc_column_text][vc_media_grid style=&#8220;load-more&#8220; items_per_page=&#8220;3&#8243; btn_color=&#8220;inverse&#8220; grid_id=&#8220;vc_gid:1633545658960-0a3469e2-d729-10&#8243; include=&#8220;1483,1484,1485,1486,1487&#8243;][vc_separator border_width=&#8220;2&#8243;][\/vc_column][vc_column][\/vc_column][\/vc_row][vc_row el_id=&#8220;geraete&#8220; el_class=&#8220;geraete&#8220;][vc_column][vc_column_text]<\/p>\n<h2 style=\"text-align: center;\">Ger\u00e4te<\/h2>\n<p>[\/vc_column_text][\/vc_column][\/vc_row][vc_row gap=&#8220;5&#8243; content_placement=&#8220;middle&#8220;][vc_column width=&#8220;1\/2&#8243;][vc_column_text]<\/p>\n<h2>Hochleistungsl\u00fcfter<\/h2>\n<p>Der Hochleistungsl\u00fcfter kann Geb\u00e4ude und Objekte mittels Wassernebel sch\u00fctzen, gef\u00e4hrliche Gase niederschlagen, schnell entrauchen und sogar Schaum ausbringen.[\/vc_column_text][\/vc_column][vc_column width=&#8220;1\/2&#8243;][vc_single_image image=&#8220;1482&#8243; img_size=&#8220;large&#8220;][\/vc_column][\/vc_row][vc_row gap=&#8220;5&#8243; content_placement=&#8220;middle&#8220;][vc_column width=&#8220;1\/2&#8243;][vc_single_image image=&#8220;1491&#8243; img_size=&#8220;large&#8220;][\/vc_column][vc_column width=&#8220;1\/2&#8243;][vc_column_text]<\/p>\n<h2>Atemschutzger\u00e4t<\/h2>\n<p>Die FF-Leopoldshofstatt besitzt 3 PSS 5000 Ger\u00e4te der Firma Dr\u00e4ger mit der dazugeh\u00f6rigen Ausr\u00fcstung[\/vc_column_text][\/vc_column][\/vc_row][vc_row gap=&#8220;5&#8243; content_placement=&#8220;middle&#8220;][vc_column width=&#8220;1\/2&#8243;][vc_column_text]<\/p>\n<h2>Atemschutzmaske<\/h2>\n<p>Zu den Atemschutzger\u00e4ten sind wir mit 3 Q-fix Adaption- und 3 Spinnenmasken ausgestattet.[\/vc_column_text][\/vc_column][vc_column width=&#8220;1\/2&#8243;][vc_single_image image=&#8220;1492&#8243; img_size=&#8220;large&#8220;][\/vc_column][\/vc_row][vc_row gap=&#8220;5&#8243; content_placement=&#8220;middle&#8220;][vc_column width=&#8220;1\/2&#8243;][vc_single_image image=&#8220;1496&#8243; img_size=&#8220;large&#8220;][\/vc_column][vc_column width=&#8220;1\/2&#8243;][vc_column_text]<\/p>\n<h2>W\u00e4rmebildkamera<\/h2>\n<p>Die W\u00e4rmebildkamera Leader TIC 3.3 zeichnet sich als perfekte W\u00e4rmebildkamera f\u00fcr die Feuerwehr aus und ist ideal f\u00fcr alle Arten von Feuerwehreins\u00e4tzen wie Brandbek\u00e4mpfung in Geb\u00e4uden, Personensuche und Glutnestersuche.[\/vc_column_text][\/vc_column][\/vc_row][vc_row gap=&#8220;5&#8243; content_placement=&#8220;middle&#8220;][vc_column width=&#8220;1\/2&#8243;][vc_column_text]<\/p>\n<h2>Motors\u00e4ge<\/h2>\n<p>Die Stihl Motors\u00e4ge ist vor allem bei Sturmeins\u00e4tzen sehr wichtig.[\/vc_column_text][\/vc_column][vc_column width=&#8220;1\/2&#8243;][vc_single_image image=&#8220;1497&#8243; img_size=&#8220;large&#8220;][\/vc_column][\/vc_row][vc_row gap=&#8220;5&#8243; content_placement=&#8220;middle&#8220;][vc_column width=&#8220;1\/2&#8243;][vc_single_image image=&#8220;1499&#8243; img_size=&#8220;large&#8220;][\/vc_column][vc_column width=&#8220;1\/2&#8243;][vc_column_text]<\/p>\n<h2>Stromaggregat<\/h2>\n<p>Der Stromerzeuger RS14 der neuen Baureihe der Firma Rosenbauer ist das Kraftpaket im Feuerwehreinsatz schlechthin. Generator und Generatorregler halten maximalen Belastungen stand.[\/vc_column_text][\/vc_column][\/vc_row][vc_row gap=&#8220;5&#8243; content_placement=&#8220;middle&#8220;][vc_column width=&#8220;1\/2&#8243;][vc_column_text]<\/p>\n<h2>Schmutzwasser-<br \/>\npumpe<\/h2>\n<p>Die Schmutzwasserpumpe&nbsp;NAUTILUS der Firma Rosenbauer ist sehr einfach zu tragen und zu bedienen. Sie saugt das Wasser bis auf ca. 8mm heraus. Au\u00dferdem ist sie mit 30kg sehr leicht.[\/vc_column_text][\/vc_column][vc_column width=&#8220;1\/2&#8243;][vc_single_image image=&#8220;1498&#8243; img_size=&#8220;large&#8220;][\/vc_column][\/vc_row][vc_row gap=&#8220;5&#8243; content_placement=&#8220;middle&#8220;][vc_column width=&#8220;1\/2&#8243;][vc_single_image image=&#8220;1490&#8243; img_size=&#8220;large&#8220;][\/vc_column][vc_column width=&#8220;1\/2&#8243;][vc_column_text]<\/p>\n<h2>Tragkraftspritze<\/h2>\n<p>Die Tragkraftspritze oder auch kurz (TS) genannt, dient dem F\u00f6rdern von L\u00f6schwasser. Die TS besitzt einen A-Saugschlaucheingang und zwei Druckschlauchausg\u00e4nge. Sie geh\u00f6rt zur Normausr\u00fcstung des KLF.[\/vc_column_text][\/vc_column][\/vc_row][vc_row gap=&#8220;5&#8243; content_placement=&#8220;middle&#8220;][vc_column width=&#8220;1\/2&#8243;][vc_column_text]<\/p>\n<h2>Nass-Sauger<\/h2>\n<p>Unser Nass-Sauger hat 2 starke Saugturbinen in einen robusten Polyethylen-Beh\u00e4lter. Der Filter besteht aus Polyester-Nadelfilz. Mit dem Nass-Sauger k\u00f6nnen wir problemlos Wasser und Schlamm aus Kellern saugen.[\/vc_column_text][\/vc_column][vc_column width=&#8220;1\/2&#8243;][vc_single_image image=&#8220;1494&#8243; img_size=&#8220;large&#8220;][\/vc_column][\/vc_row][vc_row el_class=&#8220;einsatzkleidung&#8220;][vc_column][vc_separator border_width=&#8220;2&#8243;][\/vc_column][\/vc_row][vc_row el_id=&#8220;einsatzkleidung&#8220;][vc_column][vc_column_text]<\/p>\n<h2 style=\"text-align: center;\">Einsatzkleidung<\/h2>\n<p>[\/vc_column_text][\/vc_column][\/vc_row][vc_row][vc_column][vc_column_text]<\/p>\n<h2>Einsatzkleidung-Blau<\/h2>\n<p>[\/vc_column_text][vc_media_grid element_width=&#8220;6&#8243; grid_id=&#8220;vc_gid:1633545658966-54e7d76d-a190-6&#8243; include=&#8220;1504,1505&#8243;][\/vc_column][\/vc_row][vc_row][vc_column][vc_column_text]<\/p>\n<h2>Einsatzkleidung-Einsatzleiter<\/h2>\n<p>[\/vc_column_text][vc_media_grid element_width=&#8220;6&#8243; grid_id=&#8220;vc_gid:1633545658967-9ecba7a1-95d8-10&#8243; include=&#8220;1506,1507&#8243;][\/vc_column][\/vc_row][vc_row][vc_column][vc_column_text]<\/p>\n<h2>Einsatzkleidung-Gruppenkommandant<\/h2>\n<p>[\/vc_column_text][vc_media_grid element_width=&#8220;6&#8243; grid_id=&#8220;vc_gid:1633545658968-022b9f8e-d597-5&#8243; include=&#8220;1508,1509&#8243;][\/vc_column][\/vc_row][vc_row][vc_column][vc_column_text]<\/p>\n<h2>Einsatzkleidung-Atemschutz<\/h2>\n<p>[\/vc_column_text][vc_media_grid element_width=&#8220;6&#8243; grid_id=&#8220;vc_gid:1633545658969-14470177-7079-10&#8243; include=&#8220;1510,1511&#8243;][\/vc_column][\/vc_row]<\/p>\n<\/div>","protected":false},"excerpt":{"rendered":"<p>[vc_row content_placement=&#8220;middle&#8220;][vc_column width=&#8220;1\/3&#8243;][vc_btn title=&#8220;Fahrzeug&#8220; style=&#8220;classic&#8220; color=&#8220;inverse&#8220; size=&#8220;lg&#8220; align=&#8220;center&#8220; i_icon_fontawesome=&#8220;fas fa-truck&#8220; add_icon=&#8220;true&#8220; link=&#8220;url:https%3A%2F%2Fwww.ff-leopoldshofstatt.at%2F%3Fpage_id%3D1442%23fahrzeug&#8220;][\/vc_column][vc_column width=&#8220;1\/3&#8243;][vc_btn title=&#8220;Ger\u00e4te&#8220; style=&#8220;classic&#8220; color=&#8220;inverse&#8220; size=&#8220;lg&#8220; align=&#8220;center&#8220; i_icon_fontawesome=&#8220;fas fa-fire-extinguisher&#8220; add_icon=&#8220;true&#8220; link=&#8220;url:https%3A%2F%2Fwww.ff-leopoldshofstatt.at%2F%3Fpage_id%3D1442%23geraete&#8220;][\/vc_column][vc_column width=&#8220;1\/3&#8243;][vc_btn title=&#8220;Einsatzkleidung&#8220; style=&#8220;classic&#8220; color=&#8220;inverse&#8220; size=&#8220;lg&#8220; align=&#8220;center&#8220; i_icon_fontawesome=&#8220;fas fa-tshirt&#8220; add_icon=&#8220;true&#8220; link=&#8220;url:https%3A%2F%2Fwww.ff-leopoldshofstatt.at%2F%3Fpage_id%3D1442%23einsatzkleidung&#8220;][\/vc_column][\/vc_row][vc_row][vc_column][vc_separator border_width=&#8220;2&#8243;][\/vc_column][\/vc_row][vc_row el_class=&#8220;fahrzeug&#8220; el_id=&#8220;fahrzeug&#8220;][vc_column][vc_column_text] Fahrzeug [\/vc_column_text][vc_media_grid style=&#8220;load-more&#8220; items_per_page=&#8220;3&#8243; btn_color=&#8220;inverse&#8220; grid_id=&#8220;vc_gid:1633545658960-0a3469e2-d729-10&#8243; include=&#8220;1483,1484,1485,1486,1487&#8243;][vc_separator border_width=&#8220;2&#8243;][\/vc_column][vc_column][\/vc_column][\/vc_row][vc_row el_id=&#8220;geraete&#8220; el_class=&#8220;geraete&#8220;][vc_column][vc_column_text] Ger\u00e4te [\/vc_column_text][\/vc_column][\/vc_row][vc_row gap=&#8220;5&#8243; content_placement=&#8220;middle&#8220;][vc_column width=&#8220;1\/2&#8243;][vc_column_text] Hochleistungsl\u00fcfter Der Hochleistungsl\u00fcfter kann Geb\u00e4ude&hellip;<\/p>\n","protected":false},"author":2,"featured_media":0,"parent":0,"menu_order":0,"comment_status":"closed","ping_status":"closed","template":"","meta":{"pgc_sgb_lightbox_settings":"","footnotes":""},"class_list":["post-1442","page","type-page","status-publish","hentry","description-off"],"_links":{"self":[{"href":"https:\/\/www.ff-leopoldshofstatt.at\/index.php?rest_route=\/wp\/v2\/pages\/1442","targetHints":{"allow":["GET"]}}],"collection":[{"href":"https:\/\/www.ff-leopoldshofstatt.at\/index.php?rest_route=\/wp\/v2\/pages"}],"about":[{"href":"https:\/\/www.ff-leopoldshofstatt.at\/index.php?rest_route=\/wp\/v2\/types\/page"}],"author":[{"embeddable":true,"href":"https:\/\/www.ff-leopoldshofstatt.at\/index.php?rest_route=\/wp\/v2\/users\/2"}],"replies":[{"embeddable":true,"href":"https:\/\/www.ff-leopoldshofstatt.at\/index.php?rest_route=%2Fwp%2Fv2%2Fcomments&post=1442"}],"version-history":[{"count":9,"href":"https:\/\/www.ff-leopoldshofstatt.at\/index.php?rest_route=\/wp\/v2\/pages\/1442\/revisions"}],"predecessor-version":[{"id":1963,"href":"https:\/\/www.ff-leopoldshofstatt.at\/index.php?rest_route=\/wp\/v2\/pages\/1442\/revisions\/1963"}],"wp:attachment":[{"href":"https:\/\/www.ff-leopoldshofstatt.at\/index.php?rest_route=%2Fwp%2Fv2%2Fmedia&parent=1442"}],"curies":[{"name":"wp","href":"https:\/\/api.w.org\/{rel}","templated":true}]}}